{"id":16,"date":"2026-04-13T11:02:59","date_gmt":"2026-04-13T11:02:59","guid":{"rendered":"https:\/\/monicareciopni.com\/index.php\/contacto\/"},"modified":"2026-04-13T11:03:01","modified_gmt":"2026-04-13T11:03:01","slug":"contacto","status":"publish","type":"page","link":"https:\/\/monicareciopni.com\/index.php\/contacto\/","title":{"rendered":"Contacto"},"content":{"rendered":"\t\t<div data-elementor-type=\"wp-page\" data-elementor-id=\"16\" class=\"elementor elementor-16\" data-elementor-post-type=\"page\">\n\t\t\t\t<div class=\"elementor-element elementor-element-dfc9a06 e-flex e-con-boxed e-con e-parent\" data-id=\"dfc9a06\" data-element_type=\"container\" data-e-type=\"container\" data-settings=\"{&quot;background_background&quot;:&quot;classic&quot;}\">\n\t\t\t\t\t<div class=\"e-con-inner\">\n\t\t<div class=\"elementor-element elementor-element-4f32612 e-con-full e-flex e-con e-child\" data-id=\"4f32612\" data-element_type=\"container\" data-e-type=\"container\">\n\t\t\t\t<div class=\"elementor-element elementor-element-bceab85 elementor-widget elementor-widget-heading\" data-id=\"bceab85\" data-element_type=\"widget\" data-e-type=\"widget\" data-widget_type=\"heading.default\">\n\t\t\t\t\t<h5 class=\"elementor-heading-title elementor-size-default\">Tu camino hacia el bienestar<\/h5>\t\t\t\t<\/div>\n\t\t\t\t<div class=\"elementor-element elementor-element-af75ccb elementor-widget elementor-widget-heading\" data-id=\"af75ccb\" data-element_type=\"widget\" data-e-type=\"widget\" data-widget_type=\"heading.default\">\n\t\t\t\t\t<h2 class=\"elementor-heading-title elementor-size-default\">Transforma tu salud hoy mismo<\/h2>\t\t\t\t<\/div>\n\t\t\t\t<div class=\"elementor-element elementor-element-416598a elementor-widget elementor-widget-text-editor\" data-id=\"416598a\" data-element_type=\"widget\" data-e-type=\"widget\" data-widget_type=\"text-editor.default\">\n\t\t\t\t\t\t\t\t\t<p>En este espacio encontrar\u00e1s apoyo integral para tu salud f\u00edsica y emocional. Te ofrecer\u00e9 herramientas para mejorar tu nutrici\u00f3n y tratamiento de lesiones de forma equilibrada y efectiva. Juntos trabajaremos en tu bienestar para que logres vivir plenamente.<\/p>\t\t\t\t\t\t\t\t<\/div>\n\t\t<div class=\"elementor-element elementor-element-aa03e3d e-con-full e-flex e-con e-child\" data-id=\"aa03e3d\" data-element_type=\"container\" data-e-type=\"container\">\n\t\t\t\t<div class=\"elementor-element elementor-element-564d69e elementor-widget__width-auto elementor-align-right elementor-widget elementor-widget-button\" data-id=\"564d69e\" data-element_type=\"widget\" data-e-type=\"widget\" data-widget_type=\"button.default\">\n\t\t\t\t\t\t\t\t\t\t<a class=\"elementor-button elementor-button-link elementor-size-sm\" href=\"#\">\n\t\t\t\t\t\t<span class=\"elementor-button-content-wrapper\">\n\t\t\t\t\t\t\t\t\t<span class=\"elementor-button-text\">Cont\u00e1ctame<\/span>\n\t\t\t\t\t<\/span>\n\t\t\t\t\t<\/a>\n\t\t\t\t\t\t\t\t<\/div>\n\t\t\t\t<div class=\"elementor-element elementor-element-854deaf elementor-widget__width-auto elementor-align-right elementor-widget elementor-widget-button\" data-id=\"854deaf\" data-element_type=\"widget\" data-e-type=\"widget\" data-widget_type=\"button.default\">\n\t\t\t\t\t\t\t\t\t\t<a class=\"elementor-button elementor-button-link elementor-size-sm\" href=\"#\">\n\t\t\t\t\t\t<span class=\"elementor-button-content-wrapper\">\n\t\t\t\t\t\t\t\t\t<span class=\"elementor-button-text\">Reserva ahora<\/span>\n\t\t\t\t\t<\/span>\n\t\t\t\t\t<\/a>\n\t\t\t\t\t\t\t\t<\/div>\n\t\t\t\t<\/div>\n\t\t\t\t<\/div>\n\t\t\t\t\t<\/div>\n\t\t\t\t<\/div>\n\t\t<div class=\"elementor-element elementor-element-8affce2 e-flex e-con-boxed e-con e-parent\" data-id=\"8affce2\" data-element_type=\"container\" data-e-type=\"container\">\n\t\t\t\t\t<div class=\"e-con-inner\">\n\t\t\t\t<div class=\"elementor-element elementor-element-6992d96 elementor-widget elementor-widget-heading\" data-id=\"6992d96\" data-element_type=\"widget\" data-e-type=\"widget\" data-widget_type=\"heading.default\">\n\t\t\t\t\t<h2 class=\"elementor-heading-title elementor-size-default\">Conecta con tu bienestar<\/h2>\t\t\t\t<\/div>\n\t\t\t\t<div class=\"elementor-element elementor-element-912336e elementor-widget elementor-widget-heading\" data-id=\"912336e\" data-element_type=\"widget\" data-e-type=\"widget\" data-widget_type=\"heading.default\">\n\t\t\t\t\t<h2 class=\"elementor-heading-title elementor-size-default\">Estamos aqu\u00ed para ti<\/h2>\t\t\t\t<\/div>\n\t\t\t\t<div class=\"elementor-element elementor-element-6250393 elementor-widget elementor-widget-text-editor\" data-id=\"6250393\" data-element_type=\"widget\" data-e-type=\"widget\" data-widget_type=\"text-editor.default\">\n\t\t\t\t\t\t\t\t\t<p>\u00bfTienes alguna pregunta? No dudes en contactarnos y estaremos encantados de ayudarte.<\/p>\t\t\t\t\t\t\t\t<\/div>\n\t\t<div class=\"elementor-element elementor-element-21b5db9 e-con-full e-flex e-con e-child\" data-id=\"21b5db9\" data-element_type=\"container\" data-e-type=\"container\">\n\t\t<div class=\"elementor-element elementor-element-75054d9 e-con-full e-flex e-con e-child\" data-id=\"75054d9\" data-element_type=\"container\" data-e-type=\"container\">\n\t\t<div class=\"elementor-element elementor-element-3bf8b4a e-con-full e-flex e-con e-child\" data-id=\"3bf8b4a\" data-element_type=\"container\" data-e-type=\"container\">\n\t\t\t\t<div class=\"elementor-element elementor-element-dba10ff elementor-position-inline-start elementor-view-default elementor-mobile-position-block-start elementor-widget elementor-widget-icon-box\" data-id=\"dba10ff\" data-element_type=\"widget\" data-e-type=\"widget\" data-widget_type=\"icon-box.default\">\n\t\t\t\t\t\t\t<div class=\"elementor-icon-box-wrapper\">\n\n\t\t\t\t\t\t<div class=\"elementor-icon-box-icon\">\n\t\t\t\t<span  class=\"elementor-icon\">\n\t\t\t\t<svg aria-hidden=\"true\" class=\"e-font-icon-svg e-fas-envelope\" viewBox=\"0 0 512 512\" xmlns=\"http:\/\/www.w3.org\/2000\/svg\"><path d=\"M502.3 190.8c3.9-3.1 9.7-.2 9.7 4.7V400c0 26.5-21.5 48-48 48H48c-26.5 0-48-21.5-48-48V195.6c0-5 5.7-7.8 9.7-4.7 22.4 17.4 52.1 39.5 154.1 113.6 21.1 15.4 56.7 47.8 92.2 47.6 35.7.3 72-32.8 92.3-47.6 102-74.1 131.6-96.3 154-113.7zM256 320c23.2.4 56.6-29.2 73.4-41.4 132.7-96.3 142.8-104.7 173.4-128.7 5.8-4.5 9.2-11.5 9.2-18.9v-19c0-26.5-21.5-48-48-48H48C21.5 64 0 85.5 0 112v19c0 7.4 3.4 14.3 9.2 18.9 30.6 23.9 40.7 32.4 173.4 128.7 16.8 12.2 50.2 41.8 73.4 41.4z\"><\/path><\/svg>\t\t\t\t<\/span>\n\t\t\t<\/div>\n\t\t\t\n\t\t\t\t\t\t<div class=\"elementor-icon-box-content\">\n\n\t\t\t\t\t\t\t\t\t<h3 class=\"elementor-icon-box-title\">\n\t\t\t\t\t\t<span  >\n\t\t\t\t\t\t\tCorreo electr\u00f3nico\t\t\t\t\t\t<\/span>\n\t\t\t\t\t<\/h3>\n\t\t\t\t\n\t\t\t\t\t\t\t\t\t<p class=\"elementor-icon-box-description\">\n\t\t\t\t\t\tEscr\u00edbenos tus consultas o inquietudes.\t\t\t\t\t<\/p>\n\t\t\t\t\n\t\t\t<\/div>\n\t\t\t\n\t\t<\/div>\n\t\t\t\t\t\t<\/div>\n\t\t\t\t<div class=\"elementor-element elementor-element-de7ede7 elementor-widget elementor-widget-text-editor\" data-id=\"de7ede7\" data-element_type=\"widget\" data-e-type=\"widget\" data-widget_type=\"text-editor.default\">\n\t\t\t\t\t\t\t\t\t<p><span style=\"text-decoration: underline;\">info@tu.dominio<\/span><\/p>\t\t\t\t\t\t\t\t<\/div>\n\t\t\t\t<\/div>\n\t\t<div class=\"elementor-element elementor-element-1a3550c e-con-full e-flex e-con e-child\" data-id=\"1a3550c\" data-element_type=\"container\" data-e-type=\"container\">\n\t\t\t\t<div class=\"elementor-element elementor-element-822044b elementor-position-inline-start elementor-view-default elementor-mobile-position-block-start elementor-widget elementor-widget-icon-box\" data-id=\"822044b\" data-element_type=\"widget\" data-e-type=\"widget\" data-widget_type=\"icon-box.default\">\n\t\t\t\t\t\t\t<div class=\"elementor-icon-box-wrapper\">\n\n\t\t\t\t\t\t<div class=\"elementor-icon-box-icon\">\n\t\t\t\t<span  class=\"elementor-icon\">\n\t\t\t\t<svg aria-hidden=\"true\" class=\"e-font-icon-svg e-fas-phone-alt\" viewBox=\"0 0 512 512\" xmlns=\"http:\/\/www.w3.org\/2000\/svg\"><path d=\"M497.39 361.8l-112-48a24 24 0 0 0-28 6.9l-49.6 60.6A370.66 370.66 0 0 1 130.6 204.11l60.6-49.6a23.94 23.94 0 0 0 6.9-28l-48-112A24.16 24.16 0 0 0 122.6.61l-104 24A24 24 0 0 0 0 48c0 256.5 207.9 464 464 464a24 24 0 0 0 23.4-18.6l24-104a24.29 24.29 0 0 0-14.01-27.6z\"><\/path><\/svg>\t\t\t\t<\/span>\n\t\t\t<\/div>\n\t\t\t\n\t\t\t\t\t\t<div class=\"elementor-icon-box-content\">\n\n\t\t\t\t\t\t\t\t\t<h3 class=\"elementor-icon-box-title\">\n\t\t\t\t\t\t<span  >\n\t\t\t\t\t\t\tTel\u00e9fono\t\t\t\t\t\t<\/span>\n\t\t\t\t\t<\/h3>\n\t\t\t\t\n\t\t\t\t\t\t\t\t\t<p class=\"elementor-icon-box-description\">\n\t\t\t\t\t\tLl\u00e1manos, estamos aqu\u00ed para ayudarte.\t\t\t\t\t<\/p>\n\t\t\t\t\n\t\t\t<\/div>\n\t\t\t\n\t\t<\/div>\n\t\t\t\t\t\t<\/div>\n\t\t\t\t<div class=\"elementor-element elementor-element-47ff1db elementor-widget elementor-widget-text-editor\" data-id=\"47ff1db\" data-element_type=\"widget\" data-e-type=\"widget\" data-widget_type=\"text-editor.default\">\n\t\t\t\t\t\t\t\t\t<p><span style=\"text-decoration: underline;\">641-754-0072<\/span><\/p>\t\t\t\t\t\t\t\t<\/div>\n\t\t\t\t<\/div>\n\t\t<div class=\"elementor-element elementor-element-52ff091 e-con-full e-flex e-con e-child\" data-id=\"52ff091\" data-element_type=\"container\" data-e-type=\"container\">\n\t\t\t\t<div class=\"elementor-element elementor-element-aaeb72b elementor-position-inline-start elementor-view-default elementor-mobile-position-block-start elementor-widget elementor-widget-icon-box\" data-id=\"aaeb72b\" data-element_type=\"widget\" data-e-type=\"widget\" data-widget_type=\"icon-box.default\">\n\t\t\t\t\t\t\t<div class=\"elementor-icon-box-wrapper\">\n\n\t\t\t\t\t\t<div class=\"elementor-icon-box-icon\">\n\t\t\t\t<span  class=\"elementor-icon\">\n\t\t\t\t<svg aria-hidden=\"true\" class=\"e-font-icon-svg e-fas-map-marker-alt\" viewBox=\"0 0 384 512\" xmlns=\"http:\/\/www.w3.org\/2000\/svg\"><path d=\"M172.268 501.67C26.97 291.031 0 269.413 0 192 0 85.961 85.961 0 192 0s192 85.961 192 192c0 77.413-26.97 99.031-172.268 309.67-9.535 13.774-29.93 13.773-39.464 0zM192 272c44.183 0 80-35.817 80-80s-35.817-80-80-80-80 35.817-80 80 35.817 80 80 80z\"><\/path><\/svg>\t\t\t\t<\/span>\n\t\t\t<\/div>\n\t\t\t\n\t\t\t\t\t\t<div class=\"elementor-icon-box-content\">\n\n\t\t\t\t\t\t\t\t\t<h3 class=\"elementor-icon-box-title\">\n\t\t\t\t\t\t<span  >\n\t\t\t\t\t\t\tOficina\t\t\t\t\t\t<\/span>\n\t\t\t\t\t<\/h3>\n\t\t\t\t\n\t\t\t\t\t\t\t\t\t<p class=\"elementor-icon-box-description\">\n\t\t\t\t\t\tCalle Ejemplo 123, Ciudad, Pa\u00eds\t\t\t\t\t<\/p>\n\t\t\t\t\n\t\t\t<\/div>\n\t\t\t\n\t\t<\/div>\n\t\t\t\t\t\t<\/div>\n\t\t\t\t<div class=\"elementor-element elementor-element-1eea01c elementor-widget__width-auto elementor-align-left elementor-widget elementor-widget-button\" data-id=\"1eea01c\" data-element_type=\"widget\" data-e-type=\"widget\" data-widget_type=\"button.default\">\n\t\t\t\t\t\t\t\t\t\t<a class=\"elementor-button elementor-button-link elementor-size-sm\" href=\"#\">\n\t\t\t\t\t\t<span class=\"elementor-button-content-wrapper\">\n\t\t\t\t\t\t<span class=\"elementor-button-icon\">\n\t\t\t\t<svg aria-hidden=\"true\" class=\"e-font-icon-svg e-fas-chevron-right\" viewBox=\"0 0 320 512\" xmlns=\"http:\/\/www.w3.org\/2000\/svg\"><path d=\"M285.476 272.971L91.132 467.314c-9.373 9.373-24.569 9.373-33.941 0l-22.667-22.667c-9.357-9.357-9.375-24.522-.04-33.901L188.505 256 34.484 101.255c-9.335-9.379-9.317-24.544.04-33.901l22.667-22.667c9.373-9.373 24.569-9.373 33.941 0L285.475 239.03c9.373 9.372 9.373 24.568.001 33.941z\"><\/path><\/svg>\t\t\t<\/span>\n\t\t\t\t\t\t\t\t\t<span class=\"elementor-button-text\">C\u00f3mo llegar<\/span>\n\t\t\t\t\t<\/span>\n\t\t\t\t\t<\/a>\n\t\t\t\t\t\t\t\t<\/div>\n\t\t\t\t<\/div>\n\t\t\t\t<\/div>\n\t\t<div class=\"elementor-element elementor-element-e7697ee e-con-full e-flex e-con e-child\" data-id=\"e7697ee\" data-element_type=\"container\" data-e-type=\"container\">\n\t\t\t\t<div class=\"elementor-element elementor-element-8212e5b elementor-widget elementor-widget-image\" data-id=\"8212e5b\" data-element_type=\"widget\" data-e-type=\"widget\" data-widget_type=\"image.default\">\n\t\t\t\t\t\t\t\t\t\t\t\t\t\t\t<img fetchpriority=\"high\" decoding=\"async\" width=\"1920\" height=\"1080\" src=\"https:\/\/monicareciopni.com\/wp-content\/uploads\/2026\/04\/placeholder-demo-image-scaled-1.jpg\" class=\"attachment-full size-full wp-image-29\" alt=\"\" srcset=\"https:\/\/monicareciopni.com\/wp-content\/uploads\/2026\/04\/placeholder-demo-image-scaled-1.jpg 1920w, https:\/\/monicareciopni.com\/wp-content\/uploads\/2026\/04\/placeholder-demo-image-scaled-1-300x169.jpg 300w, https:\/\/monicareciopni.com\/wp-content\/uploads\/2026\/04\/placeholder-demo-image-scaled-1-1024x576.jpg 1024w, https:\/\/monicareciopni.com\/wp-content\/uploads\/2026\/04\/placeholder-demo-image-scaled-1-768x432.jpg 768w, https:\/\/monicareciopni.com\/wp-content\/uploads\/2026\/04\/placeholder-demo-image-scaled-1-1536x864.jpg 1536w\" sizes=\"(max-width: 1920px) 100vw, 1920px\" \/>\t\t\t\t\t\t\t\t\t\t\t\t\t\t\t<\/div>\n\t\t\t\t<\/div>\n\t\t\t\t<\/div>\n\t\t\t\t\t<\/div>\n\t\t\t\t<\/div>\n\t\t<div class=\"elementor-element elementor-element-60907ef e-flex e-con-boxed e-con e-parent\" data-id=\"60907ef\" data-element_type=\"container\" data-e-type=\"container\" data-settings=\"{&quot;background_background&quot;:&quot;classic&quot;}\">\n\t\t\t\t\t<div class=\"e-con-inner\">\n\t\t<div class=\"elementor-element elementor-element-7862832 e-con-full e-flex e-con e-child\" data-id=\"7862832\" data-element_type=\"container\" data-e-type=\"container\">\n\t\t\t\t<div class=\"elementor-element elementor-element-07e3b63 elementor-widget elementor-widget-heading\" data-id=\"07e3b63\" data-element_type=\"widget\" data-e-type=\"widget\" data-widget_type=\"heading.default\">\n\t\t\t\t\t<h2 class=\"elementor-heading-title elementor-size-default\">Reserva tu consulta hoy mismo<\/h2>\t\t\t\t<\/div>\n\t\t\t\t<div class=\"elementor-element elementor-element-3767449 elementor-widget elementor-widget-text-editor\" data-id=\"3767449\" data-element_type=\"widget\" data-e-type=\"widget\" data-widget_type=\"text-editor.default\">\n\t\t\t\t\t\t\t\t\t<p>\u00bfListo para mejorar tu salud y bienestar? Aprovecha nuestra asistencia personalizada en fisioterapia y nutrici\u00f3n. Una consulta puede ser el primer paso hacia un cambio positivo. \u00a1Cont\u00e1ctanos ahora!<\/p>\t\t\t\t\t\t\t\t<\/div>\n\t\t<div class=\"elementor-element elementor-element-e31c33a e-flex e-con-boxed e-con e-child\" data-id=\"e31c33a\" data-element_type=\"container\" data-e-type=\"container\">\n\t\t\t\t\t<div class=\"e-con-inner\">\n\t\t\t\t<div class=\"elementor-element elementor-element-84d480a elementor-widget__width-auto elementor-align-right elementor-widget elementor-widget-button\" data-id=\"84d480a\" data-element_type=\"widget\" data-e-type=\"widget\" data-widget_type=\"button.default\">\n\t\t\t\t\t\t\t\t\t\t<a class=\"elementor-button elementor-button-link elementor-size-sm\" href=\"#\">\n\t\t\t\t\t\t<span class=\"elementor-button-content-wrapper\">\n\t\t\t\t\t\t\t\t\t<span class=\"elementor-button-text\">Reservar<\/span>\n\t\t\t\t\t<\/span>\n\t\t\t\t\t<\/a>\n\t\t\t\t\t\t\t\t<\/div>\n\t\t\t\t<div class=\"elementor-element elementor-element-05e5e4c elementor-widget__width-auto elementor-align-right elementor-widget elementor-widget-button\" data-id=\"05e5e4c\" data-element_type=\"widget\" data-e-type=\"widget\" data-widget_type=\"button.default\">\n\t\t\t\t\t\t\t\t\t\t<a class=\"elementor-button elementor-button-link elementor-size-sm\" href=\"#\">\n\t\t\t\t\t\t<span class=\"elementor-button-content-wrapper\">\n\t\t\t\t\t\t\t\t\t<span class=\"elementor-button-text\">Consultar<\/span>\n\t\t\t\t\t<\/span>\n\t\t\t\t\t<\/a>\n\t\t\t\t\t\t\t\t<\/div>\n\t\t\t\t\t<\/div>\n\t\t\t\t<\/div>\n\t\t\t\t<\/div>\n\t\t\t\t\t<\/div>\n\t\t\t\t<\/div>\n\t\t\t\t<\/div>\n\t\t","protected":false},"excerpt":{"rendered":"<p>Tu camino hacia el bienestar Transforma tu salud hoy mismo En este espacio encontrar\u00e1s apoyo integral para tu salud f\u00edsica y emocional. Te ofrecer\u00e9 herramientas para mejorar tu nutrici\u00f3n y tratamiento de lesiones de forma equilibrada y efectiva. Juntos trabajaremos en tu bienestar para que logres vivir plenamente. Cont\u00e1ctame Reserva ahora Conecta con tu bienestar [&hellip;]<\/p>\n","protected":false},"author":1,"featured_media":0,"parent":0,"menu_order":0,"comment_status":"closed","ping_status":"closed","template":"","meta":{"footnotes":""},"class_list":["post-16","page","type-page","status-publish","hentry"],"yoast_head":"<!-- This site is optimized with the Yoast SEO plugin v27.3 - https:\/\/yoast.com\/product\/yoast-seo-wordpress\/ -->\n<title>Contacto - M\u00f3nica Recio<\/title>\n<meta name=\"robots\" content=\"index, follow, max-snippet:-1, max-image-preview:large, max-video-preview:-1\" \/>\n<link rel=\"canonical\" href=\"https:\/\/monicareciopni.com\/index.php\/contacto\/\" \/>\n<meta property=\"og:locale\" content=\"es_ES\" \/>\n<meta property=\"og:type\" content=\"article\" \/>\n<meta property=\"og:title\" content=\"Contacto - M\u00f3nica Recio\" \/>\n<meta property=\"og:description\" content=\"Tu camino hacia el bienestar Transforma tu salud hoy mismo En este espacio encontrar\u00e1s apoyo integral para tu salud f\u00edsica y emocional. Te ofrecer\u00e9 herramientas para mejorar tu nutrici\u00f3n y tratamiento de lesiones de forma equilibrada y efectiva. Juntos trabajaremos en tu bienestar para que logres vivir plenamente. Cont\u00e1ctame Reserva ahora Conecta con tu bienestar [&hellip;]\" \/>\n<meta property=\"og:url\" content=\"https:\/\/monicareciopni.com\/index.php\/contacto\/\" \/>\n<meta property=\"og:site_name\" content=\"M\u00f3nica Recio\" \/>\n<meta property=\"article:modified_time\" content=\"2026-04-13T11:03:01+00:00\" \/>\n<meta property=\"og:image\" content=\"https:\/\/monicareciopni.com\/wp-content\/uploads\/2026\/04\/placeholder-demo-image-scaled-1.jpg\" \/>\n<meta name=\"twitter:card\" content=\"summary_large_image\" \/>\n<meta name=\"twitter:label1\" content=\"Tiempo de lectura\" \/>\n\t<meta name=\"twitter:data1\" content=\"1 minuto\" \/>\n<script type=\"application\/ld+json\" class=\"yoast-schema-graph\">{\"@context\":\"https:\\\/\\\/schema.org\",\"@graph\":[{\"@type\":\"WebPage\",\"@id\":\"https:\\\/\\\/monicareciopni.com\\\/index.php\\\/contacto\\\/\",\"url\":\"https:\\\/\\\/monicareciopni.com\\\/index.php\\\/contacto\\\/\",\"name\":\"Contacto - M\u00f3nica Recio\",\"isPartOf\":{\"@id\":\"https:\\\/\\\/monicareciopni.com\\\/#website\"},\"primaryImageOfPage\":{\"@id\":\"https:\\\/\\\/monicareciopni.com\\\/index.php\\\/contacto\\\/#primaryimage\"},\"image\":{\"@id\":\"https:\\\/\\\/monicareciopni.com\\\/index.php\\\/contacto\\\/#primaryimage\"},\"thumbnailUrl\":\"https:\\\/\\\/monicareciopni.com\\\/wp-content\\\/uploads\\\/2026\\\/04\\\/placeholder-demo-image-scaled-1.jpg\",\"datePublished\":\"2026-04-13T11:02:59+00:00\",\"dateModified\":\"2026-04-13T11:03:01+00:00\",\"breadcrumb\":{\"@id\":\"https:\\\/\\\/monicareciopni.com\\\/index.php\\\/contacto\\\/#breadcrumb\"},\"inLanguage\":\"es\",\"potentialAction\":[{\"@type\":\"ReadAction\",\"target\":[\"https:\\\/\\\/monicareciopni.com\\\/index.php\\\/contacto\\\/\"]}]},{\"@type\":\"ImageObject\",\"inLanguage\":\"es\",\"@id\":\"https:\\\/\\\/monicareciopni.com\\\/index.php\\\/contacto\\\/#primaryimage\",\"url\":\"https:\\\/\\\/monicareciopni.com\\\/wp-content\\\/uploads\\\/2026\\\/04\\\/placeholder-demo-image-scaled-1.jpg\",\"contentUrl\":\"https:\\\/\\\/monicareciopni.com\\\/wp-content\\\/uploads\\\/2026\\\/04\\\/placeholder-demo-image-scaled-1.jpg\",\"width\":1920,\"height\":1080},{\"@type\":\"BreadcrumbList\",\"@id\":\"https:\\\/\\\/monicareciopni.com\\\/index.php\\\/contacto\\\/#breadcrumb\",\"itemListElement\":[{\"@type\":\"ListItem\",\"position\":1,\"name\":\"Portada\",\"item\":\"https:\\\/\\\/monicareciopni.com\\\/\"},{\"@type\":\"ListItem\",\"position\":2,\"name\":\"Contacto\"}]},{\"@type\":\"WebSite\",\"@id\":\"https:\\\/\\\/monicareciopni.com\\\/#website\",\"url\":\"https:\\\/\\\/monicareciopni.com\\\/\",\"name\":\"M\u00f3nica Recio\",\"description\":\"M\u00f3nica Recio: Fisioterapia y nutrici\u00f3n integrativa.\",\"publisher\":{\"@id\":\"https:\\\/\\\/monicareciopni.com\\\/#organization\"},\"potentialAction\":[{\"@type\":\"SearchAction\",\"target\":{\"@type\":\"EntryPoint\",\"urlTemplate\":\"https:\\\/\\\/monicareciopni.com\\\/?s={search_term_string}\"},\"query-input\":{\"@type\":\"PropertyValueSpecification\",\"valueRequired\":true,\"valueName\":\"search_term_string\"}}],\"inLanguage\":\"es\"},{\"@type\":\"Organization\",\"@id\":\"https:\\\/\\\/monicareciopni.com\\\/#organization\",\"name\":\"M\u00f3nica Recio\",\"url\":\"https:\\\/\\\/monicareciopni.com\\\/\",\"logo\":{\"@type\":\"ImageObject\",\"inLanguage\":\"es\",\"@id\":\"https:\\\/\\\/monicareciopni.com\\\/#\\\/schema\\\/logo\\\/image\\\/\",\"url\":\"https:\\\/\\\/monicareciopni.com\\\/wp-content\\\/uploads\\\/2026\\\/04\\\/logo_transparente.png\",\"contentUrl\":\"https:\\\/\\\/monicareciopni.com\\\/wp-content\\\/uploads\\\/2026\\\/04\\\/logo_transparente.png\",\"width\":1633,\"height\":766,\"caption\":\"M\u00f3nica Recio\"},\"image\":{\"@id\":\"https:\\\/\\\/monicareciopni.com\\\/#\\\/schema\\\/logo\\\/image\\\/\"}}]}<\/script>\n<!-- \/ Yoast SEO plugin. -->","yoast_head_json":{"title":"Contacto - M\u00f3nica Recio","robots":{"index":"index","follow":"follow","max-snippet":"max-snippet:-1","max-image-preview":"max-image-preview:large","max-video-preview":"max-video-preview:-1"},"canonical":"https:\/\/monicareciopni.com\/index.php\/contacto\/","og_locale":"es_ES","og_type":"article","og_title":"Contacto - M\u00f3nica Recio","og_description":"Tu camino hacia el bienestar Transforma tu salud hoy mismo En este espacio encontrar\u00e1s apoyo integral para tu salud f\u00edsica y emocional. Te ofrecer\u00e9 herramientas para mejorar tu nutrici\u00f3n y tratamiento de lesiones de forma equilibrada y efectiva. Juntos trabajaremos en tu bienestar para que logres vivir plenamente. Cont\u00e1ctame Reserva ahora Conecta con tu bienestar [&hellip;]","og_url":"https:\/\/monicareciopni.com\/index.php\/contacto\/","og_site_name":"M\u00f3nica Recio","article_modified_time":"2026-04-13T11:03:01+00:00","og_image":[{"url":"https:\/\/monicareciopni.com\/wp-content\/uploads\/2026\/04\/placeholder-demo-image-scaled-1.jpg","type":"","width":"","height":""}],"twitter_card":"summary_large_image","twitter_misc":{"Tiempo de lectura":"1 minuto"},"schema":{"@context":"https:\/\/schema.org","@graph":[{"@type":"WebPage","@id":"https:\/\/monicareciopni.com\/index.php\/contacto\/","url":"https:\/\/monicareciopni.com\/index.php\/contacto\/","name":"Contacto - M\u00f3nica Recio","isPartOf":{"@id":"https:\/\/monicareciopni.com\/#website"},"primaryImageOfPage":{"@id":"https:\/\/monicareciopni.com\/index.php\/contacto\/#primaryimage"},"image":{"@id":"https:\/\/monicareciopni.com\/index.php\/contacto\/#primaryimage"},"thumbnailUrl":"https:\/\/monicareciopni.com\/wp-content\/uploads\/2026\/04\/placeholder-demo-image-scaled-1.jpg","datePublished":"2026-04-13T11:02:59+00:00","dateModified":"2026-04-13T11:03:01+00:00","breadcrumb":{"@id":"https:\/\/monicareciopni.com\/index.php\/contacto\/#breadcrumb"},"inLanguage":"es","potentialAction":[{"@type":"ReadAction","target":["https:\/\/monicareciopni.com\/index.php\/contacto\/"]}]},{"@type":"ImageObject","inLanguage":"es","@id":"https:\/\/monicareciopni.com\/index.php\/contacto\/#primaryimage","url":"https:\/\/monicareciopni.com\/wp-content\/uploads\/2026\/04\/placeholder-demo-image-scaled-1.jpg","contentUrl":"https:\/\/monicareciopni.com\/wp-content\/uploads\/2026\/04\/placeholder-demo-image-scaled-1.jpg","width":1920,"height":1080},{"@type":"BreadcrumbList","@id":"https:\/\/monicareciopni.com\/index.php\/contacto\/#breadcrumb","itemListElement":[{"@type":"ListItem","position":1,"name":"Portada","item":"https:\/\/monicareciopni.com\/"},{"@type":"ListItem","position":2,"name":"Contacto"}]},{"@type":"WebSite","@id":"https:\/\/monicareciopni.com\/#website","url":"https:\/\/monicareciopni.com\/","name":"M\u00f3nica Recio","description":"M\u00f3nica Recio: Fisioterapia y nutrici\u00f3n integrativa.","publisher":{"@id":"https:\/\/monicareciopni.com\/#organization"},"potentialAction":[{"@type":"SearchAction","target":{"@type":"EntryPoint","urlTemplate":"https:\/\/monicareciopni.com\/?s={search_term_string}"},"query-input":{"@type":"PropertyValueSpecification","valueRequired":true,"valueName":"search_term_string"}}],"inLanguage":"es"},{"@type":"Organization","@id":"https:\/\/monicareciopni.com\/#organization","name":"M\u00f3nica Recio","url":"https:\/\/monicareciopni.com\/","logo":{"@type":"ImageObject","inLanguage":"es","@id":"https:\/\/monicareciopni.com\/#\/schema\/logo\/image\/","url":"https:\/\/monicareciopni.com\/wp-content\/uploads\/2026\/04\/logo_transparente.png","contentUrl":"https:\/\/monicareciopni.com\/wp-content\/uploads\/2026\/04\/logo_transparente.png","width":1633,"height":766,"caption":"M\u00f3nica Recio"},"image":{"@id":"https:\/\/monicareciopni.com\/#\/schema\/logo\/image\/"}}]}},"_links":{"self":[{"href":"https:\/\/monicareciopni.com\/index.php\/wp-json\/wp\/v2\/pages\/16","targetHints":{"allow":["GET"]}}],"collection":[{"href":"https:\/\/monicareciopni.com\/index.php\/wp-json\/wp\/v2\/pages"}],"about":[{"href":"https:\/\/monicareciopni.com\/index.php\/wp-json\/wp\/v2\/types\/page"}],"author":[{"embeddable":true,"href":"https:\/\/monicareciopni.com\/index.php\/wp-json\/wp\/v2\/users\/1"}],"replies":[{"embeddable":true,"href":"https:\/\/monicareciopni.com\/index.php\/wp-json\/wp\/v2\/comments?post=16"}],"version-history":[{"count":1,"href":"https:\/\/monicareciopni.com\/index.php\/wp-json\/wp\/v2\/pages\/16\/revisions"}],"predecessor-version":[{"id":35,"href":"https:\/\/monicareciopni.com\/index.php\/wp-json\/wp\/v2\/pages\/16\/revisions\/35"}],"wp:attachment":[{"href":"https:\/\/monicareciopni.com\/index.php\/wp-json\/wp\/v2\/media?parent=16"}],"curies":[{"name":"wp","href":"https:\/\/api.w.org\/{rel}","templated":true}]}}