{"id":15,"date":"2026-04-13T11:02:59","date_gmt":"2026-04-13T11:02:59","guid":{"rendered":"https:\/\/monicareciopni.com\/index.php\/inicio\/"},"modified":"2026-04-13T12:54:30","modified_gmt":"2026-04-13T12:54:30","slug":"inicio","status":"publish","type":"page","link":"https:\/\/monicareciopni.com\/","title":{"rendered":"Inicio"},"content":{"rendered":"\t\t<div data-elementor-type=\"wp-page\" data-elementor-id=\"15\" class=\"elementor elementor-15\" data-elementor-post-type=\"page\">\n\t\t\t\t<div class=\"elementor-element elementor-element-69cc805 e-con-full e-flex e-con e-parent\" data-id=\"69cc805\" data-element_type=\"container\" data-e-type=\"container\" data-settings=\"{&quot;background_background&quot;:&quot;classic&quot;}\">\n\t\t\t\t<\/div>\n\t\t<div class=\"elementor-element elementor-element-3cb8a5c e-flex e-con-boxed e-con e-parent\" data-id=\"3cb8a5c\" data-element_type=\"container\" data-e-type=\"container\" data-settings=\"{&quot;background_background&quot;:&quot;classic&quot;}\">\n\t\t\t\t\t<div class=\"e-con-inner\">\n\t\t<div class=\"elementor-element elementor-element-f16b119 e-flex e-con-boxed e-con e-child\" data-id=\"f16b119\" data-element_type=\"container\" data-e-type=\"container\">\n\t\t\t\t\t<div class=\"e-con-inner\">\n\t\t\t\t<div class=\"elementor-element elementor-element-168f11b elementor-widget elementor-widget-heading\" data-id=\"168f11b\" data-element_type=\"widget\" data-e-type=\"widget\" data-widget_type=\"heading.default\">\n\t\t\t\t\t<h1 class=\"elementor-heading-title elementor-size-default\">FISIOTERAPIA Y NUTRICI\u00d3N<\/h1>\t\t\t\t<\/div>\n\t\t\t\t<div class=\"elementor-element elementor-element-5067dd7 elementor-widget elementor-widget-heading\" data-id=\"5067dd7\" data-element_type=\"widget\" data-e-type=\"widget\" data-widget_type=\"heading.default\">\n\t\t\t\t\t<h2 class=\"elementor-heading-title elementor-size-default\">Transforma tu bienestar hoy<\/h2>\t\t\t\t<\/div>\n\t\t\t\t<div class=\"elementor-element elementor-element-bb20c2b elementor-widget elementor-widget-text-editor\" data-id=\"bb20c2b\" data-element_type=\"widget\" data-e-type=\"widget\" data-widget_type=\"text-editor.default\">\n\t\t\t\t\t\t\t\t\t<p>Mi objetivo es buscar el origen de tu problema de salud, y desde ah\u00ed tratar de solucionar lo que llevas tiempo sufriendo.<\/p>\t\t\t\t\t\t\t\t<\/div>\n\t\t\t\t<div class=\"elementor-element elementor-element-3f7b3cb elementor-widget__width-auto elementor-align-right elementor-widget elementor-widget-button\" data-id=\"3f7b3cb\" data-element_type=\"widget\" data-e-type=\"widget\" data-widget_type=\"button.default\">\n\t\t\t\t\t\t\t\t\t\t<a class=\"elementor-button elementor-button-link elementor-size-sm\" href=\"\/reserva-de-consulta-online\">\n\t\t\t\t\t\t<span class=\"elementor-button-content-wrapper\">\n\t\t\t\t\t\t\t\t\t<span class=\"elementor-button-text\">Cont\u00e1ctame ahora<\/span>\n\t\t\t\t\t<\/span>\n\t\t\t\t\t<\/a>\n\t\t\t\t\t\t\t\t<\/div>\n\t\t\t\t\t<\/div>\n\t\t\t\t<\/div>\n\t\t\t\t\t<\/div>\n\t\t\t\t<\/div>\n\t\t<div class=\"elementor-element elementor-element-ff10e09 e-flex e-con-boxed e-con e-parent\" data-id=\"ff10e09\" data-element_type=\"container\" data-e-type=\"container\">\n\t\t\t\t\t<div class=\"e-con-inner\">\n\t\t<div class=\"elementor-element elementor-element-2dbe6f2 e-con-full e-flex e-con e-child\" data-id=\"2dbe6f2\" data-element_type=\"container\" data-e-type=\"container\">\n\t\t\t\t<div class=\"elementor-element elementor-element-3591362 elementor-widget elementor-widget-heading\" data-id=\"3591362\" data-element_type=\"widget\" data-e-type=\"widget\" data-widget_type=\"heading.default\">\n\t\t\t\t\t<h1 class=\"elementor-heading-title elementor-size-default\">Nuestros Servicios<\/h1>\t\t\t\t<\/div>\n\t\t\t\t<div class=\"elementor-element elementor-element-25d48fd elementor-widget__width-initial elementor-widget elementor-widget-heading\" data-id=\"25d48fd\" data-element_type=\"widget\" data-e-type=\"widget\" data-widget_type=\"heading.default\">\n\t\t\t\t\t<h5 class=\"elementor-heading-title elementor-size-default\">Descubre nuestros servicios clave que te ayudar\u00e1n a mejorar tu salud y bienestar.<\/h5>\t\t\t\t<\/div>\n\t\t\t\t<\/div>\n\t\t<div class=\"elementor-element elementor-element-5d5b7c9 e-con-full e-flex e-con e-child\" data-id=\"5d5b7c9\" data-element_type=\"container\" data-e-type=\"container\">\n\t\t\t\t<div class=\"elementor-element elementor-element-08bd94e elementor-widget-tablet__width-initial elementor-widget-mobile__width-inherit elementor-widget__width-initial elementor-position-top elementor-widget elementor-widget-image-box\" data-id=\"08bd94e\" data-element_type=\"widget\" data-e-type=\"widget\" data-widget_type=\"image-box.default\">\n\t\t\t\t\t<div class=\"elementor-image-box-wrapper\"><figure class=\"elementor-image-box-img\"><img fetchpriority=\"high\" decoding=\"async\" width=\"1081\" height=\"1080\" src=\"https:\/\/monicareciopni.com\/wp-content\/uploads\/2026\/04\/wireframe-img-1-e1708013680578.png\" class=\"elementor-animation-grow attachment-full size-full wp-image-30\" alt=\"\" srcset=\"https:\/\/monicareciopni.com\/wp-content\/uploads\/2026\/04\/wireframe-img-1-e1708013680578.png 1081w, https:\/\/monicareciopni.com\/wp-content\/uploads\/2026\/04\/wireframe-img-1-e1708013680578-300x300.png 300w, https:\/\/monicareciopni.com\/wp-content\/uploads\/2026\/04\/wireframe-img-1-e1708013680578-1024x1024.png 1024w, https:\/\/monicareciopni.com\/wp-content\/uploads\/2026\/04\/wireframe-img-1-e1708013680578-150x150.png 150w, https:\/\/monicareciopni.com\/wp-content\/uploads\/2026\/04\/wireframe-img-1-e1708013680578-768x767.png 768w\" sizes=\"(max-width: 1081px) 100vw, 1081px\" \/><\/figure><div class=\"elementor-image-box-content\"><h4 class=\"elementor-image-box-title\">Disfunciones digestivas<\/h4><p class=\"elementor-image-box-description\">Problemas digestivos que pueden influir de manera negativa en otros sistemas como el metabolismo, el sistema inmunitario, el sistema endocrino e incluso el sistema musculoesquel\u00e9tico.<\/p><\/div><\/div>\t\t\t\t<\/div>\n\t\t\t\t<div class=\"elementor-element elementor-element-60ba046 elementor-widget-tablet__width-initial elementor-widget-mobile__width-inherit elementor-widget__width-initial elementor-position-top elementor-widget elementor-widget-image-box\" data-id=\"60ba046\" data-element_type=\"widget\" data-e-type=\"widget\" data-widget_type=\"image-box.default\">\n\t\t\t\t\t<div class=\"elementor-image-box-wrapper\"><figure class=\"elementor-image-box-img\"><img fetchpriority=\"high\" decoding=\"async\" width=\"1081\" height=\"1080\" src=\"https:\/\/monicareciopni.com\/wp-content\/uploads\/2026\/04\/wireframe-img-1-e1708013680578.png\" class=\"elementor-animation-grow attachment-full size-full wp-image-30\" alt=\"\" srcset=\"https:\/\/monicareciopni.com\/wp-content\/uploads\/2026\/04\/wireframe-img-1-e1708013680578.png 1081w, https:\/\/monicareciopni.com\/wp-content\/uploads\/2026\/04\/wireframe-img-1-e1708013680578-300x300.png 300w, https:\/\/monicareciopni.com\/wp-content\/uploads\/2026\/04\/wireframe-img-1-e1708013680578-1024x1024.png 1024w, https:\/\/monicareciopni.com\/wp-content\/uploads\/2026\/04\/wireframe-img-1-e1708013680578-150x150.png 150w, https:\/\/monicareciopni.com\/wp-content\/uploads\/2026\/04\/wireframe-img-1-e1708013680578-768x767.png 768w\" sizes=\"(max-width: 1081px) 100vw, 1081px\" \/><\/figure><div class=\"elementor-image-box-content\"><h4 class=\"elementor-image-box-title\">Educaci\u00f3n Nutricional<\/h4><p class=\"elementor-image-box-description\">Establece pautas alimentarias detalladas y personalizadas con el objetivo de restaurar la salud y recuperar la energ\u00eda de tu organismo, promoviendo as\u00ed un estilo de vida m\u00e1s saludable y equilibrado.<\/p><\/div><\/div>\t\t\t\t<\/div>\n\t\t\t\t<div class=\"elementor-element elementor-element-c8f4dd4 elementor-widget-tablet__width-initial elementor-widget-mobile__width-inherit elementor-widget__width-initial elementor-position-top elementor-widget elementor-widget-image-box\" data-id=\"c8f4dd4\" data-element_type=\"widget\" data-e-type=\"widget\" data-widget_type=\"image-box.default\">\n\t\t\t\t\t<div class=\"elementor-image-box-wrapper\"><figure class=\"elementor-image-box-img\"><img fetchpriority=\"high\" decoding=\"async\" width=\"1081\" height=\"1080\" src=\"https:\/\/monicareciopni.com\/wp-content\/uploads\/2026\/04\/wireframe-img-1-e1708013680578.png\" class=\"elementor-animation-grow attachment-full size-full wp-image-30\" alt=\"\" srcset=\"https:\/\/monicareciopni.com\/wp-content\/uploads\/2026\/04\/wireframe-img-1-e1708013680578.png 1081w, https:\/\/monicareciopni.com\/wp-content\/uploads\/2026\/04\/wireframe-img-1-e1708013680578-300x300.png 300w, https:\/\/monicareciopni.com\/wp-content\/uploads\/2026\/04\/wireframe-img-1-e1708013680578-1024x1024.png 1024w, https:\/\/monicareciopni.com\/wp-content\/uploads\/2026\/04\/wireframe-img-1-e1708013680578-150x150.png 150w, https:\/\/monicareciopni.com\/wp-content\/uploads\/2026\/04\/wireframe-img-1-e1708013680578-768x767.png 768w\" sizes=\"(max-width: 1081px) 100vw, 1081px\" \/><\/figure><div class=\"elementor-image-box-content\"><h4 class=\"elementor-image-box-title\">Prevenci\u00f3n y recuperaci\u00f3n de lesiones<\/h4><p class=\"elementor-image-box-description\">Prevenci\u00f3n y recuperaci\u00f3n de lesiones a trav\u00e9s de una alimentaci\u00f3n adecuada y el ejercicio terap\u00e9utico son fundamentales para mantener una buena salud y bienestar. \n\n<\/p><\/div><\/div>\t\t\t\t<\/div>\n\t\t\t\t<\/div>\n\t\t\t\t<div class=\"elementor-element elementor-element-2104a1f elementor-widget__width-auto elementor-align-right elementor-widget elementor-widget-button\" data-id=\"2104a1f\" data-element_type=\"widget\" data-e-type=\"widget\" data-widget_type=\"button.default\">\n\t\t\t\t\t\t\t\t\t\t<a class=\"elementor-button elementor-button-link elementor-size-sm\" href=\"#\">\n\t\t\t\t\t\t<span class=\"elementor-button-content-wrapper\">\n\t\t\t\t\t\t\t\t\t<span class=\"elementor-button-text\">\u00a1Cont\u00e1ctanos!<\/span>\n\t\t\t\t\t<\/span>\n\t\t\t\t\t<\/a>\n\t\t\t\t\t\t\t\t<\/div>\n\t\t\t\t\t<\/div>\n\t\t\t\t<\/div>\n\t\t<div class=\"elementor-element elementor-element-a8d5b2b e-flex e-con-boxed e-con e-parent\" data-id=\"a8d5b2b\" data-element_type=\"container\" data-e-type=\"container\">\n\t\t\t\t\t<div class=\"e-con-inner\">\n\t\t\t\t<div class=\"elementor-element elementor-element-536f734 elementor-widget elementor-widget-heading\" data-id=\"536f734\" data-element_type=\"widget\" data-e-type=\"widget\" data-widget_type=\"heading.default\">\n\t\t\t\t\t<h2 class=\"elementor-heading-title elementor-size-default\">El Enfoque Personalizado de M\u00f3nica Recio<\/h2>\t\t\t\t<\/div>\n\t\t<div class=\"elementor-element elementor-element-127a214 e-con-full e-flex e-con e-child\" data-id=\"127a214\" data-element_type=\"container\" data-e-type=\"container\">\n\t\t<div class=\"elementor-element elementor-element-5963fde e-con-full e-flex e-con e-child\" data-id=\"5963fde\" data-element_type=\"container\" data-e-type=\"container\">\n\t\t\t\t<div class=\"elementor-element elementor-element-f129dff elementor-widget elementor-widget-text-editor\" data-id=\"f129dff\" data-element_type=\"widget\" data-e-type=\"widget\" data-widget_type=\"text-editor.default\">\n\t\t\t\t\t\t\t\t\t<p><span style=\"font-family: Arial, sans-serif;\">Mi objetivo es buscar el origen de tu problema de salud, y desde ah\u00ed tratar de solucionar lo que llevas tiempo sufriendo.<\/span><\/p><p><span style=\"font-family: Arial, sans-serif;\">Debido al estilo de vida adoptado en los \u00faltimos tiempos existen alteraciones sist\u00e9micas, que afectan al organismo en su conjunto, y que llevan al desequilibrio de las funciones corporales y sus s\u00edntomas.<\/span><\/p><p><span style=\"font-family: Arial, sans-serif;\">Desde la salud integrativa tratamos de devolver al organismo a la homeostasis, siendo \u00e9sta, ese equilibrio din\u00e1mico vital para el funcionamiento adecuado del organismo.<\/span><\/p>\t\t\t\t\t\t\t\t<\/div>\n\t\t\t\t<div class=\"elementor-element elementor-element-8ed7eb9 elementor-widget__width-auto elementor-widget elementor-widget-button\" data-id=\"8ed7eb9\" data-element_type=\"widget\" data-e-type=\"widget\" data-widget_type=\"button.default\">\n\t\t\t\t\t\t\t\t\t\t<a class=\"elementor-button elementor-button-link elementor-size-sm\" href=\"https:\/\/monicareciopni.com\/index.php\/reserva-de-consulta-online\/\">\n\t\t\t\t\t\t<span class=\"elementor-button-content-wrapper\">\n\t\t\t\t\t\t\t\t\t<span class=\"elementor-button-text\">\u00bf Hablamos ?<\/span>\n\t\t\t\t\t<\/span>\n\t\t\t\t\t<\/a>\n\t\t\t\t\t\t\t\t<\/div>\n\t\t\t\t<\/div>\n\t\t<div class=\"elementor-element elementor-element-5a91fb4 e-con-full e-flex e-con e-child\" data-id=\"5a91fb4\" data-element_type=\"container\" data-e-type=\"container\">\n\t\t\t\t<div class=\"elementor-element elementor-element-5d1d06b elementor-widget elementor-widget-image\" data-id=\"5d1d06b\" data-element_type=\"widget\" data-e-type=\"widget\" data-widget_type=\"image.default\">\n\t\t\t\t\t\t\t\t\t\t\t\t\t\t\t<img decoding=\"async\" width=\"1081\" height=\"1080\" src=\"https:\/\/monicareciopni.com\/wp-content\/uploads\/2026\/04\/wireframe-img-1-e1708013680578.png\" class=\"attachment-full size-full wp-image-30\" alt=\"\" srcset=\"https:\/\/monicareciopni.com\/wp-content\/uploads\/2026\/04\/wireframe-img-1-e1708013680578.png 1081w, https:\/\/monicareciopni.com\/wp-content\/uploads\/2026\/04\/wireframe-img-1-e1708013680578-300x300.png 300w, https:\/\/monicareciopni.com\/wp-content\/uploads\/2026\/04\/wireframe-img-1-e1708013680578-1024x1024.png 1024w, https:\/\/monicareciopni.com\/wp-content\/uploads\/2026\/04\/wireframe-img-1-e1708013680578-150x150.png 150w, https:\/\/monicareciopni.com\/wp-content\/uploads\/2026\/04\/wireframe-img-1-e1708013680578-768x767.png 768w\" sizes=\"(max-width: 1081px) 100vw, 1081px\" \/>\t\t\t\t\t\t\t\t\t\t\t\t\t\t\t<\/div>\n\t\t\t\t<\/div>\n\t\t\t\t<\/div>\n\t\t\t\t\t<\/div>\n\t\t\t\t<\/div>\n\t\t<div class=\"elementor-element elementor-element-7a2605b e-flex e-con-boxed e-con e-parent\" data-id=\"7a2605b\" data-element_type=\"container\" data-e-type=\"container\" data-settings=\"{&quot;background_background&quot;:&quot;classic&quot;}\">\n\t\t\t\t\t<div class=\"e-con-inner\">\n\t\t<div class=\"elementor-element elementor-element-0f196a6 e-flex e-con-boxed e-con e-child\" data-id=\"0f196a6\" data-element_type=\"container\" data-e-type=\"container\">\n\t\t\t\t\t<div class=\"e-con-inner\">\n\t\t\t\t<div class=\"elementor-element elementor-element-d724db2 elementor-widget elementor-widget-heading\" data-id=\"d724db2\" data-element_type=\"widget\" data-e-type=\"widget\" data-widget_type=\"heading.default\">\n\t\t\t\t\t<h4 class=\"elementor-heading-title elementor-size-default\">Reserva tu consulta ahora<\/h4>\t\t\t\t<\/div>\n\t\t\t\t<div class=\"elementor-element elementor-element-d52320a elementor-widget elementor-widget-text-editor\" data-id=\"d52320a\" data-element_type=\"widget\" data-e-type=\"widget\" data-widget_type=\"text-editor.default\">\n\t\t\t\t\t\t\t\t\t<p>Si buscas mejorar tu salud digestiva o aprender sobre nutrici\u00f3n, tu consulta es el primer paso. Hablemos de tus metas y c\u00f3mo puedo ayudarte en tus metas.<\/p>\t\t\t\t\t\t\t\t<\/div>\n\t\t\t\t<div class=\"elementor-element elementor-element-6fe0bc6 elementor-widget__width-auto elementor-align-right elementor-widget elementor-widget-button\" data-id=\"6fe0bc6\" data-element_type=\"widget\" data-e-type=\"widget\" data-widget_type=\"button.default\">\n\t\t\t\t\t\t\t\t\t\t<a class=\"elementor-button elementor-button-link elementor-size-sm\" href=\"#\">\n\t\t\t\t\t\t<span class=\"elementor-button-content-wrapper\">\n\t\t\t\t\t\t\t\t\t<span class=\"elementor-button-text\">\u00a1Reserva aqu\u00ed!<\/span>\n\t\t\t\t\t<\/span>\n\t\t\t\t\t<\/a>\n\t\t\t\t\t\t\t\t<\/div>\n\t\t\t\t\t<\/div>\n\t\t\t\t<\/div>\n\t\t\t\t\t<\/div>\n\t\t\t\t<\/div>\n\t\t\t\t<\/div>\n\t\t","protected":false},"excerpt":{"rendered":"<p>FISIOTERAPIA Y NUTRICI\u00d3N Transforma tu bienestar hoy Mi objetivo es buscar el origen de tu problema de salud, y desde ah\u00ed tratar de solucionar lo que llevas tiempo sufriendo. Cont\u00e1ctame ahora Nuestros Servicios Descubre nuestros servicios clave que te ayudar\u00e1n a mejorar tu salud y bienestar. Disfunciones digestivas Problemas digestivos que pueden influir de manera [&hellip;]<\/p>\n","protected":false},"author":1,"featured_media":0,"parent":0,"menu_order":0,"comment_status":"closed","ping_status":"closed","template":"","meta":{"footnotes":""},"class_list":["post-15","page","type-page","status-publish","hentry"],"yoast_head":"<!-- This site is optimized with the Yoast SEO plugin v27.3 - https:\/\/yoast.com\/product\/yoast-seo-wordpress\/ -->\n<title>Inicio - M\u00f3nica Recio<\/title>\n<meta name=\"robots\" content=\"index, follow, max-snippet:-1, max-image-preview:large, max-video-preview:-1\" \/>\n<link rel=\"canonical\" href=\"https:\/\/monicareciopni.com\/\" \/>\n<meta property=\"og:locale\" content=\"es_ES\" \/>\n<meta property=\"og:type\" content=\"article\" \/>\n<meta property=\"og:title\" content=\"Inicio - M\u00f3nica Recio\" \/>\n<meta property=\"og:description\" content=\"FISIOTERAPIA Y NUTRICI\u00d3N Transforma tu bienestar hoy Mi objetivo es buscar el origen de tu problema de salud, y desde ah\u00ed tratar de solucionar lo que llevas tiempo sufriendo. Cont\u00e1ctame ahora Nuestros Servicios Descubre nuestros servicios clave que te ayudar\u00e1n a mejorar tu salud y bienestar. Disfunciones digestivas Problemas digestivos que pueden influir de manera [&hellip;]\" \/>\n<meta property=\"og:url\" content=\"https:\/\/monicareciopni.com\/\" \/>\n<meta property=\"og:site_name\" content=\"M\u00f3nica Recio\" \/>\n<meta property=\"article:modified_time\" content=\"2026-04-13T12:54:30+00:00\" \/>\n<meta property=\"og:image\" content=\"https:\/\/monicareciopni.com\/wp-content\/uploads\/2026\/04\/wireframe-img-1-e1708013680578.png\" \/>\n\t<meta property=\"og:image:width\" content=\"1081\" \/>\n\t<meta property=\"og:image:height\" content=\"1080\" \/>\n\t<meta property=\"og:image:type\" content=\"image\/png\" \/>\n<meta name=\"twitter:card\" content=\"summary_large_image\" \/>\n<meta name=\"twitter:label1\" content=\"Tiempo de lectura\" \/>\n\t<meta name=\"twitter:data1\" content=\"2 minutos\" \/>\n<script type=\"application\/ld+json\" class=\"yoast-schema-graph\">{\"@context\":\"https:\\\/\\\/schema.org\",\"@graph\":[{\"@type\":\"WebPage\",\"@id\":\"https:\\\/\\\/monicareciopni.com\\\/\",\"url\":\"https:\\\/\\\/monicareciopni.com\\\/\",\"name\":\"Inicio - M\u00f3nica Recio\",\"isPartOf\":{\"@id\":\"https:\\\/\\\/monicareciopni.com\\\/#website\"},\"primaryImageOfPage\":{\"@id\":\"https:\\\/\\\/monicareciopni.com\\\/#primaryimage\"},\"image\":{\"@id\":\"https:\\\/\\\/monicareciopni.com\\\/#primaryimage\"},\"thumbnailUrl\":\"https:\\\/\\\/monicareciopni.com\\\/wp-content\\\/uploads\\\/2026\\\/04\\\/wireframe-img-1-e1708013680578.png\",\"datePublished\":\"2026-04-13T11:02:59+00:00\",\"dateModified\":\"2026-04-13T12:54:30+00:00\",\"breadcrumb\":{\"@id\":\"https:\\\/\\\/monicareciopni.com\\\/#breadcrumb\"},\"inLanguage\":\"es\",\"potentialAction\":[{\"@type\":\"ReadAction\",\"target\":[\"https:\\\/\\\/monicareciopni.com\\\/\"]}]},{\"@type\":\"ImageObject\",\"inLanguage\":\"es\",\"@id\":\"https:\\\/\\\/monicareciopni.com\\\/#primaryimage\",\"url\":\"https:\\\/\\\/monicareciopni.com\\\/wp-content\\\/uploads\\\/2026\\\/04\\\/wireframe-img-1-e1708013680578.png\",\"contentUrl\":\"https:\\\/\\\/monicareciopni.com\\\/wp-content\\\/uploads\\\/2026\\\/04\\\/wireframe-img-1-e1708013680578.png\",\"width\":1081,\"height\":1080},{\"@type\":\"BreadcrumbList\",\"@id\":\"https:\\\/\\\/monicareciopni.com\\\/#breadcrumb\",\"itemListElement\":[{\"@type\":\"ListItem\",\"position\":1,\"name\":\"Portada\",\"item\":\"https:\\\/\\\/monicareciopni.com\\\/\"},{\"@type\":\"ListItem\",\"position\":2,\"name\":\"Inicio\"}]},{\"@type\":\"WebSite\",\"@id\":\"https:\\\/\\\/monicareciopni.com\\\/#website\",\"url\":\"https:\\\/\\\/monicareciopni.com\\\/\",\"name\":\"M\u00f3nica Recio\",\"description\":\"M\u00f3nica Recio: Fisioterapia y nutrici\u00f3n integrativa.\",\"publisher\":{\"@id\":\"https:\\\/\\\/monicareciopni.com\\\/#organization\"},\"potentialAction\":[{\"@type\":\"SearchAction\",\"target\":{\"@type\":\"EntryPoint\",\"urlTemplate\":\"https:\\\/\\\/monicareciopni.com\\\/?s={search_term_string}\"},\"query-input\":{\"@type\":\"PropertyValueSpecification\",\"valueRequired\":true,\"valueName\":\"search_term_string\"}}],\"inLanguage\":\"es\"},{\"@type\":\"Organization\",\"@id\":\"https:\\\/\\\/monicareciopni.com\\\/#organization\",\"name\":\"M\u00f3nica Recio\",\"url\":\"https:\\\/\\\/monicareciopni.com\\\/\",\"logo\":{\"@type\":\"ImageObject\",\"inLanguage\":\"es\",\"@id\":\"https:\\\/\\\/monicareciopni.com\\\/#\\\/schema\\\/logo\\\/image\\\/\",\"url\":\"https:\\\/\\\/monicareciopni.com\\\/wp-content\\\/uploads\\\/2026\\\/04\\\/logo_transparente.png\",\"contentUrl\":\"https:\\\/\\\/monicareciopni.com\\\/wp-content\\\/uploads\\\/2026\\\/04\\\/logo_transparente.png\",\"width\":1633,\"height\":766,\"caption\":\"M\u00f3nica Recio\"},\"image\":{\"@id\":\"https:\\\/\\\/monicareciopni.com\\\/#\\\/schema\\\/logo\\\/image\\\/\"}}]}<\/script>\n<!-- \/ Yoast SEO plugin. -->","yoast_head_json":{"title":"Inicio - M\u00f3nica Recio","robots":{"index":"index","follow":"follow","max-snippet":"max-snippet:-1","max-image-preview":"max-image-preview:large","max-video-preview":"max-video-preview:-1"},"canonical":"https:\/\/monicareciopni.com\/","og_locale":"es_ES","og_type":"article","og_title":"Inicio - M\u00f3nica Recio","og_description":"FISIOTERAPIA Y NUTRICI\u00d3N Transforma tu bienestar hoy Mi objetivo es buscar el origen de tu problema de salud, y desde ah\u00ed tratar de solucionar lo que llevas tiempo sufriendo. Cont\u00e1ctame ahora Nuestros Servicios Descubre nuestros servicios clave que te ayudar\u00e1n a mejorar tu salud y bienestar. Disfunciones digestivas Problemas digestivos que pueden influir de manera [&hellip;]","og_url":"https:\/\/monicareciopni.com\/","og_site_name":"M\u00f3nica Recio","article_modified_time":"2026-04-13T12:54:30+00:00","og_image":[{"width":1081,"height":1080,"url":"https:\/\/monicareciopni.com\/wp-content\/uploads\/2026\/04\/wireframe-img-1-e1708013680578.png","type":"image\/png"}],"twitter_card":"summary_large_image","twitter_misc":{"Tiempo de lectura":"2 minutos"},"schema":{"@context":"https:\/\/schema.org","@graph":[{"@type":"WebPage","@id":"https:\/\/monicareciopni.com\/","url":"https:\/\/monicareciopni.com\/","name":"Inicio - M\u00f3nica Recio","isPartOf":{"@id":"https:\/\/monicareciopni.com\/#website"},"primaryImageOfPage":{"@id":"https:\/\/monicareciopni.com\/#primaryimage"},"image":{"@id":"https:\/\/monicareciopni.com\/#primaryimage"},"thumbnailUrl":"https:\/\/monicareciopni.com\/wp-content\/uploads\/2026\/04\/wireframe-img-1-e1708013680578.png","datePublished":"2026-04-13T11:02:59+00:00","dateModified":"2026-04-13T12:54:30+00:00","breadcrumb":{"@id":"https:\/\/monicareciopni.com\/#breadcrumb"},"inLanguage":"es","potentialAction":[{"@type":"ReadAction","target":["https:\/\/monicareciopni.com\/"]}]},{"@type":"ImageObject","inLanguage":"es","@id":"https:\/\/monicareciopni.com\/#primaryimage","url":"https:\/\/monicareciopni.com\/wp-content\/uploads\/2026\/04\/wireframe-img-1-e1708013680578.png","contentUrl":"https:\/\/monicareciopni.com\/wp-content\/uploads\/2026\/04\/wireframe-img-1-e1708013680578.png","width":1081,"height":1080},{"@type":"BreadcrumbList","@id":"https:\/\/monicareciopni.com\/#breadcrumb","itemListElement":[{"@type":"ListItem","position":1,"name":"Portada","item":"https:\/\/monicareciopni.com\/"},{"@type":"ListItem","position":2,"name":"Inicio"}]},{"@type":"WebSite","@id":"https:\/\/monicareciopni.com\/#website","url":"https:\/\/monicareciopni.com\/","name":"M\u00f3nica Recio","description":"M\u00f3nica Recio: Fisioterapia y nutrici\u00f3n integrativa.","publisher":{"@id":"https:\/\/monicareciopni.com\/#organization"},"potentialAction":[{"@type":"SearchAction","target":{"@type":"EntryPoint","urlTemplate":"https:\/\/monicareciopni.com\/?s={search_term_string}"},"query-input":{"@type":"PropertyValueSpecification","valueRequired":true,"valueName":"search_term_string"}}],"inLanguage":"es"},{"@type":"Organization","@id":"https:\/\/monicareciopni.com\/#organization","name":"M\u00f3nica Recio","url":"https:\/\/monicareciopni.com\/","logo":{"@type":"ImageObject","inLanguage":"es","@id":"https:\/\/monicareciopni.com\/#\/schema\/logo\/image\/","url":"https:\/\/monicareciopni.com\/wp-content\/uploads\/2026\/04\/logo_transparente.png","contentUrl":"https:\/\/monicareciopni.com\/wp-content\/uploads\/2026\/04\/logo_transparente.png","width":1633,"height":766,"caption":"M\u00f3nica Recio"},"image":{"@id":"https:\/\/monicareciopni.com\/#\/schema\/logo\/image\/"}}]}},"_links":{"self":[{"href":"https:\/\/monicareciopni.com\/index.php\/wp-json\/wp\/v2\/pages\/15","targetHints":{"allow":["GET"]}}],"collection":[{"href":"https:\/\/monicareciopni.com\/index.php\/wp-json\/wp\/v2\/pages"}],"about":[{"href":"https:\/\/monicareciopni.com\/index.php\/wp-json\/wp\/v2\/types\/page"}],"author":[{"embeddable":true,"href":"https:\/\/monicareciopni.com\/index.php\/wp-json\/wp\/v2\/users\/1"}],"replies":[{"embeddable":true,"href":"https:\/\/monicareciopni.com\/index.php\/wp-json\/wp\/v2\/comments?post=15"}],"version-history":[{"count":46,"href":"https:\/\/monicareciopni.com\/index.php\/wp-json\/wp\/v2\/pages\/15\/revisions"}],"predecessor-version":[{"id":109,"href":"https:\/\/monicareciopni.com\/index.php\/wp-json\/wp\/v2\/pages\/15\/revisions\/109"}],"wp:attachment":[{"href":"https:\/\/monicareciopni.com\/index.php\/wp-json\/wp\/v2\/media?parent=15"}],"curies":[{"name":"wp","href":"https:\/\/api.w.org\/{rel}","templated":true}]}}